{"id":911,"date":"2023-05-31T08:40:19","date_gmt":"2023-05-31T07:40:19","guid":{"rendered":"https:\/\/chytry-web-maklere.cz\/pro-zakazniky\/?page_id=911"},"modified":"2024-05-03T09:03:11","modified_gmt":"2024-05-03T08:03:11","slug":"webinar-vysilani","status":"publish","type":"page","link":"https:\/\/chytry-web-maklere.cz\/pro-zakazniky\/webinar-vysilani\/","title":{"rendered":"Vys\u00edlac\u00ed str\u00e1nka"},"content":{"rendered":"<p><span><a href=\"https:\/\/chytry-web-maklere.cz\/pro-zakazniky\/wp-content\/uploads\/2023\/11\/unnamed-1.png\"><img decoding=\"async\" alt=\"\" data-id=\"687\" width=\"285\" data-init-width=\"936\" height=\"79\" data-init-height=\"79\" title=\"unnamed\" loading=\"lazy\" src=\"https:\/\/chytry-web-maklere.cz\/pro-zakazniky\/wp-content\/uploads\/2023\/11\/unnamed-1.png\" data-link-wrap=\"true\" data-width=\"285\" style=\"\"><\/a><\/span><\/p>\n<h1 style=\"text-align: center;\">Webin\u00e1\u0159: Jak v praxi vyu\u017e\u00edt aukce nemovitost\u00ed<\/h1>\n<p>[tcb-script src=&#8220;https:\/\/player.vimeo.com\/api\/player.js&#8220;][\/tcb-script]<\/p>\n<h1 style=\"text-align: center;\">Vyzkou\u0161ejte si aukce nemovitost\u00ed:<\/h1>\n<h1 style=\"text-align: center;\">M\u00e1te dotaz k aukc\u00edm? Napi\u0161te n\u00e1m do livechatu, kter\u00fd najdete po prav\u00e9 stran\u011b.<\/h1>\n<p style=\"text-align: center;\">Tomawell s.r.o. \u00a9 2024<\/p>\n","protected":false},"excerpt":{"rendered":"<p>Webin\u00e1\u0159: Jak v praxi vyu\u017e\u00edt aukce nemovitost\u00ed [tcb-script src=&#8220;https:\/\/player.vimeo.com\/api\/player.js&#8220;][\/tcb-script] Vyzkou\u0161ejte si aukce nemovitost\u00ed: M\u00e1te dotaz k aukc\u00edm? Napi\u0161te n\u00e1m do livechatu, kter\u00fd najdete po prav\u00e9 stran\u011b. Tomawell s.r.o. \u00a9 2024<\/p>\n","protected":false},"author":5,"featured_media":0,"parent":0,"menu_order":0,"comment_status":"closed","ping_status":"closed","template":"","meta":{"footnotes":""},"yoast_head":"<!-- This site is optimized with the Yoast SEO plugin v22.6 - https:\/\/yoast.com\/wordpress\/plugins\/seo\/ -->\n<title>Vys\u00edlac\u00ed str\u00e1nka - Chytr\u00fd web makl\u00e9\u0159e<\/title>\n<meta name=\"robots\" content=\"index, follow, max-snippet:-1, max-image-preview:large, max-video-preview:-1\" \/>\n<link rel=\"canonical\" href=\"https:\/\/chytry-web-maklere.cz\/pro-zakazniky\/webinar-vysilani\/\" \/>\n<meta property=\"og:locale\" content=\"cs_CZ\" \/>\n<meta property=\"og:type\" content=\"article\" \/>\n<meta property=\"og:title\" content=\"Vys\u00edlac\u00ed str\u00e1nka - Chytr\u00fd web makl\u00e9\u0159e\" \/>\n<meta property=\"og:description\" content=\"Webin\u00e1\u0159: Jak v praxi vyu\u017e\u00edt aukce nemovitost\u00ed [tcb-script src=&#8220;https:\/\/player.vimeo.com\/api\/player.js&#8220;][\/tcb-script] Vyzkou\u0161ejte si aukce nemovitost\u00ed: M\u00e1te dotaz k aukc\u00edm? Napi\u0161te n\u00e1m do livechatu, kter\u00fd najdete po prav\u00e9 stran\u011b. Tomawell s.r.o. \u00a9 2024\" \/>\n<meta property=\"og:url\" content=\"https:\/\/chytry-web-maklere.cz\/pro-zakazniky\/webinar-vysilani\/\" \/>\n<meta property=\"og:site_name\" content=\"Chytr\u00fd web makl\u00e9\u0159e\" \/>\n<meta property=\"article:modified_time\" content=\"2024-05-03T08:03:11+00:00\" \/>\n<meta property=\"og:image\" content=\"https:\/\/chytry-web-maklere.cz\/pro-zakazniky\/wp-content\/uploads\/2023\/11\/unnamed-1.png\" \/>\n<meta name=\"twitter:card\" content=\"summary_large_image\" \/>\n<script type=\"application\/ld+json\" class=\"yoast-schema-graph\">{\"@context\":\"https:\/\/schema.org\",\"@graph\":[{\"@type\":\"WebPage\",\"@id\":\"https:\/\/chytry-web-maklere.cz\/pro-zakazniky\/webinar-vysilani\/\",\"url\":\"https:\/\/chytry-web-maklere.cz\/pro-zakazniky\/webinar-vysilani\/\",\"name\":\"Vys\u00edlac\u00ed str\u00e1nka - Chytr\u00fd web makl\u00e9\u0159e\",\"isPartOf\":{\"@id\":\"https:\/\/chytry-web-maklere.cz\/pro-zakazniky\/#website\"},\"primaryImageOfPage\":{\"@id\":\"https:\/\/chytry-web-maklere.cz\/pro-zakazniky\/webinar-vysilani\/#primaryimage\"},\"image\":{\"@id\":\"https:\/\/chytry-web-maklere.cz\/pro-zakazniky\/webinar-vysilani\/#primaryimage\"},\"thumbnailUrl\":\"https:\/\/chytry-web-maklere.cz\/pro-zakazniky\/wp-content\/uploads\/2023\/11\/unnamed-1.png\",\"datePublished\":\"2023-05-31T07:40:19+00:00\",\"dateModified\":\"2024-05-03T08:03:11+00:00\",\"breadcrumb\":{\"@id\":\"https:\/\/chytry-web-maklere.cz\/pro-zakazniky\/webinar-vysilani\/#breadcrumb\"},\"inLanguage\":\"cs\",\"potentialAction\":[{\"@type\":\"ReadAction\",\"target\":[\"https:\/\/chytry-web-maklere.cz\/pro-zakazniky\/webinar-vysilani\/\"]}]},{\"@type\":\"ImageObject\",\"inLanguage\":\"cs\",\"@id\":\"https:\/\/chytry-web-maklere.cz\/pro-zakazniky\/webinar-vysilani\/#primaryimage\",\"url\":\"https:\/\/chytry-web-maklere.cz\/pro-zakazniky\/wp-content\/uploads\/2023\/11\/unnamed-1.png\",\"contentUrl\":\"https:\/\/chytry-web-maklere.cz\/pro-zakazniky\/wp-content\/uploads\/2023\/11\/unnamed-1.png\"},{\"@type\":\"BreadcrumbList\",\"@id\":\"https:\/\/chytry-web-maklere.cz\/pro-zakazniky\/webinar-vysilani\/#breadcrumb\",\"itemListElement\":[{\"@type\":\"ListItem\",\"position\":1,\"name\":\"Dom\u016f\",\"item\":\"https:\/\/chytry-web-maklere.cz\/pro-zakazniky\/\"},{\"@type\":\"ListItem\",\"position\":2,\"name\":\"Vys\u00edlac\u00ed str\u00e1nka\"}]},{\"@type\":\"WebSite\",\"@id\":\"https:\/\/chytry-web-maklere.cz\/pro-zakazniky\/#website\",\"url\":\"https:\/\/chytry-web-maklere.cz\/pro-zakazniky\/\",\"name\":\"Chytr\u00fd web makl\u00e9\u0159e\",\"description\":\"\",\"potentialAction\":[{\"@type\":\"SearchAction\",\"target\":{\"@type\":\"EntryPoint\",\"urlTemplate\":\"https:\/\/chytry-web-maklere.cz\/pro-zakazniky\/?s={search_term_string}\"},\"query-input\":\"required name=search_term_string\"}],\"inLanguage\":\"cs\"}]}<\/script>\n<!-- \/ Yoast SEO plugin. -->","yoast_head_json":{"title":"Vys\u00edlac\u00ed str\u00e1nka - Chytr\u00fd web makl\u00e9\u0159e","robots":{"index":"index","follow":"follow","max-snippet":"max-snippet:-1","max-image-preview":"max-image-preview:large","max-video-preview":"max-video-preview:-1"},"canonical":"https:\/\/chytry-web-maklere.cz\/pro-zakazniky\/webinar-vysilani\/","og_locale":"cs_CZ","og_type":"article","og_title":"Vys\u00edlac\u00ed str\u00e1nka - Chytr\u00fd web makl\u00e9\u0159e","og_description":"Webin\u00e1\u0159: Jak v praxi vyu\u017e\u00edt aukce nemovitost\u00ed [tcb-script src=&#8220;https:\/\/player.vimeo.com\/api\/player.js&#8220;][\/tcb-script] Vyzkou\u0161ejte si aukce nemovitost\u00ed: M\u00e1te dotaz k aukc\u00edm? Napi\u0161te n\u00e1m do livechatu, kter\u00fd najdete po prav\u00e9 stran\u011b. Tomawell s.r.o. \u00a9 2024","og_url":"https:\/\/chytry-web-maklere.cz\/pro-zakazniky\/webinar-vysilani\/","og_site_name":"Chytr\u00fd web makl\u00e9\u0159e","article_modified_time":"2024-05-03T08:03:11+00:00","og_image":[{"url":"https:\/\/chytry-web-maklere.cz\/pro-zakazniky\/wp-content\/uploads\/2023\/11\/unnamed-1.png"}],"twitter_card":"summary_large_image","schema":{"@context":"https:\/\/schema.org","@graph":[{"@type":"WebPage","@id":"https:\/\/chytry-web-maklere.cz\/pro-zakazniky\/webinar-vysilani\/","url":"https:\/\/chytry-web-maklere.cz\/pro-zakazniky\/webinar-vysilani\/","name":"Vys\u00edlac\u00ed str\u00e1nka - Chytr\u00fd web makl\u00e9\u0159e","isPartOf":{"@id":"https:\/\/chytry-web-maklere.cz\/pro-zakazniky\/#website"},"primaryImageOfPage":{"@id":"https:\/\/chytry-web-maklere.cz\/pro-zakazniky\/webinar-vysilani\/#primaryimage"},"image":{"@id":"https:\/\/chytry-web-maklere.cz\/pro-zakazniky\/webinar-vysilani\/#primaryimage"},"thumbnailUrl":"https:\/\/chytry-web-maklere.cz\/pro-zakazniky\/wp-content\/uploads\/2023\/11\/unnamed-1.png","datePublished":"2023-05-31T07:40:19+00:00","dateModified":"2024-05-03T08:03:11+00:00","breadcrumb":{"@id":"https:\/\/chytry-web-maklere.cz\/pro-zakazniky\/webinar-vysilani\/#breadcrumb"},"inLanguage":"cs","potentialAction":[{"@type":"ReadAction","target":["https:\/\/chytry-web-maklere.cz\/pro-zakazniky\/webinar-vysilani\/"]}]},{"@type":"ImageObject","inLanguage":"cs","@id":"https:\/\/chytry-web-maklere.cz\/pro-zakazniky\/webinar-vysilani\/#primaryimage","url":"https:\/\/chytry-web-maklere.cz\/pro-zakazniky\/wp-content\/uploads\/2023\/11\/unnamed-1.png","contentUrl":"https:\/\/chytry-web-maklere.cz\/pro-zakazniky\/wp-content\/uploads\/2023\/11\/unnamed-1.png"},{"@type":"BreadcrumbList","@id":"https:\/\/chytry-web-maklere.cz\/pro-zakazniky\/webinar-vysilani\/#breadcrumb","itemListElement":[{"@type":"ListItem","position":1,"name":"Dom\u016f","item":"https:\/\/chytry-web-maklere.cz\/pro-zakazniky\/"},{"@type":"ListItem","position":2,"name":"Vys\u00edlac\u00ed str\u00e1nka"}]},{"@type":"WebSite","@id":"https:\/\/chytry-web-maklere.cz\/pro-zakazniky\/#website","url":"https:\/\/chytry-web-maklere.cz\/pro-zakazniky\/","name":"Chytr\u00fd web makl\u00e9\u0159e","description":"","potentialAction":[{"@type":"SearchAction","target":{"@type":"EntryPoint","urlTemplate":"https:\/\/chytry-web-maklere.cz\/pro-zakazniky\/?s={search_term_string}"},"query-input":"required name=search_term_string"}],"inLanguage":"cs"}]}},"_links":{"self":[{"href":"https:\/\/chytry-web-maklere.cz\/pro-zakazniky\/wp-json\/wp\/v2\/pages\/911"}],"collection":[{"href":"https:\/\/chytry-web-maklere.cz\/pro-zakazniky\/wp-json\/wp\/v2\/pages"}],"about":[{"href":"https:\/\/chytry-web-maklere.cz\/pro-zakazniky\/wp-json\/wp\/v2\/types\/page"}],"author":[{"embeddable":true,"href":"https:\/\/chytry-web-maklere.cz\/pro-zakazniky\/wp-json\/wp\/v2\/users\/5"}],"replies":[{"embeddable":true,"href":"https:\/\/chytry-web-maklere.cz\/pro-zakazniky\/wp-json\/wp\/v2\/comments?post=911"}],"version-history":[{"count":30,"href":"https:\/\/chytry-web-maklere.cz\/pro-zakazniky\/wp-json\/wp\/v2\/pages\/911\/revisions"}],"predecessor-version":[{"id":1203,"href":"https:\/\/chytry-web-maklere.cz\/pro-zakazniky\/wp-json\/wp\/v2\/pages\/911\/revisions\/1203"}],"wp:attachment":[{"href":"https:\/\/chytry-web-maklere.cz\/pro-zakazniky\/wp-json\/wp\/v2\/media?parent=911"}],"curies":[{"name":"wp","href":"https:\/\/api.w.org\/{rel}","templated":true}]}}