{"id":880,"date":"2023-05-01T11:43:33","date_gmt":"2023-05-01T10:43:33","guid":{"rendered":"https:\/\/chytry-web-maklere.cz\/pro-zakazniky\/?page_id=880"},"modified":"2025-05-06T21:29:30","modified_gmt":"2025-05-06T20:29:30","slug":"obchodni-podminky","status":"publish","type":"page","link":"https:\/\/chytry-web-maklere.cz\/pro-zakazniky\/obchodni-podminky\/","title":{"rendered":"Obchodn\u00ed podm\u00ednky"},"content":{"rendered":"<h2>Obchodn\u00ed podm\u00ednky workshopu: &#8222;Praktick\u00e9 vyu\u017eit\u00ed AI pro finan\u010dn\u00ed poradce a realitn\u00ed makl\u00e9\u0159e&#8220;<\/h2>\n<h2>1. \u00davodn\u00ed ustanoven\u00ed<\/h2>\n<h3>1.1 Smluvn\u00ed strany<\/h3>\n<p>Tyto obchodn\u00ed podm\u00ednky upravuj\u00ed vztahy mezi smluvn\u00edmi stranami kupn\u00ed smlouvy, kdy na stran\u011b jedn\u00e9 je prod\u00e1vaj\u00edc\u00ed, kter\u00fdm je obchodn\u00ed spole\u010dnost Tomawell s.r.o., I\u010c:06644210, DI\u010c CZ06644210, se s\u00eddlem J. \u0160. Baara 1495, 277 11 Neratovice, zapsan\u00e9 ve ve\u0159ejn\u00e9m rejst\u0159\u00edku veden\u00e9m u M\u011bstsk\u00e9ho soudu v Praze, v odd\u00edle C, vlo\u017eka 286112 a na stran\u011b druh\u00e9 je kupuj\u00edc\u00ed.Pr\u00e1vn\u00ed vztahy prod\u00e1vaj\u00edc\u00edho s kupuj\u00edc\u00edm neupraven\u00e9 t\u011bmito VOP se \u0159\u00edd\u00ed p\u0159\u00edslu\u0161n\u00fdmi ustanoven\u00edmi z\u00e1k.\u010d. 89\/2012 Sb., ob\u010dansk\u00fd z\u00e1kon\u00edk a z\u00e1k. \u010d. 634\/1992 Sb., o ochran\u011b spot\u0159ebitele, oba v platn\u00e9m a \u00fa\u010dinn\u00e9m zn\u011bn\u00ed, jako\u017e i p\u0159edpisy souvisej\u00edc\u00edmi.<\/p>\n<h3>1.2 P\u0159edm\u011bt koup\u011b<\/h3>\n<p>P\u0159edm\u011btem koup\u011b je obsah kurzu (d\u00e1le jen p\u0159edm\u011bt koup\u011b) na z\u00e1klad\u011b objedn\u00e1vky (p\u0159ihl\u00e1\u0161ky), kterou kupuj\u00edc\u00ed vyplnil prost\u0159ednictv\u00edm webov\u00fdch str\u00e1nek&nbsp;<a data-saferedirecturl=\"https:\/\/www.google.com\/url?q=https:\/\/objednavka.chytry-web-maklere.cz\/cs\/chwm-workshop-2&amp;source=gmail&amp;ust=1683746158213000&amp;usg=AOvVaw3BisYQPWpNdqVMiZKJUMcl\" href=\"https:\/\/objednavka.chytry-web-maklere.cz\/cs\/chwm-workshop-2\" target=\"_blank\" style=\"outline: none;\" rel=\"noopener\">https:\/\/objednavka.chytry-web-maklere.cz\/<\/a>. Kupuj\u00edc\u00ed bere na v\u011bdom\u00ed, \u017ee z\u00edsk\u00e1v\u00e1 p\u0159\u00edstup k online workshopu &#8222;Praktick\u00e9 vyu\u017eit\u00ed AI pro finan\u010dn\u00ed poradce a realitn\u00ed makl\u00e9\u0159e&#8220;, kter\u00fd prob\u011bhne p\u0159es platformu Zoom.<\/p>\n<h3>1.3 Du\u0161evn\u00ed vlastnictv\u00ed<\/h3>\n<p>P\u0159edm\u011bt koup\u011b je autorsk\u00fdm d\u00edlem prod\u00e1vaj\u00edc\u00edho ve smyslu z\u00e1kona \u010d. 121\/2000 Sb., autorsk\u00fd z\u00e1kon, a jako takov\u00fd podl\u00e9h\u00e1 autorskopr\u00e1vn\u00ed ochran\u011b. Prod\u00e1vaj\u00edc\u00ed neposkytuje kupuj\u00edc\u00edmu pr\u00e1vo \u0161\u00ed\u0159it d\u00edlo d\u00e1le jak\u00fdmikoliv cestami elektronick\u00e9, \u010di jin\u00e9 komunikace bez souhlasu prod\u00e1vaj\u00edc\u00edho (tj. autora). Kop\u00edrov\u00e1n\u00ed a\/nebo jin\u00e1 reprodukce jak\u00e9koliv \u010d\u00e1sti p\u0159edm\u011btu koup\u011b jsou striktn\u011b zak\u00e1z\u00e1ny. Uzav\u0159en\u00edm kupn\u00ed smlouvy kupuj\u00edc\u00ed p\u0159ij\u00edm\u00e1, \u017ee jak\u00e9koliv pou\u017eit\u00ed informac\u00ed z p\u0159edm\u011btu koup\u011b a \u00fasp\u011bchy \u010di ne\u00fasp\u011bchy z toho plynouc\u00ed, jsou pouze v rukou kupuj\u00edc\u00edho a autor za n\u011b nenese \u017e\u00e1dnou odpov\u011bdnost. V p\u0159edm\u011btu koup\u011b m\u016f\u017ee kupuj\u00edc\u00ed naj\u00edt informace o produktech nebo slu\u017eb\u00e1ch t\u0159et\u00edch osob. Tyto informace jsou pouze doporu\u010den\u00edm a vyj\u00e1d\u0159en\u00edm n\u00e1zoru k t\u00e9to tematice.<\/p>\n<h2>2. Objedn\u00e1vka<\/h2>\n<h3>2.1 Uzav\u0159en\u00ed smlouvy<\/h3>\n<p>Kupuj\u00edc\u00ed prohla\u0161uje, \u017ee se sezn\u00e1mil se v\u0161emi informacemi t\u00fdkaj\u00edc\u00edmi se objedn\u00e1vky, a to na adrese <a data-saferedirecturl=\"https:\/\/www.google.com\/url?q=https:\/\/objednavka.chytry-web-maklere.cz\/cs\/chwm-workshop-2&amp;source=gmail&amp;ust=1683746158213000&amp;usg=AOvVaw3BisYQPWpNdqVMiZKJUMcl\" href=\"https:\/\/objednavka.chytry-web-maklere.cz\/cs\/chwm-workshop-2\" target=\"_blank\" rel=\"noopener\">https:\/\/objednavka.chytry-web-maklere.cz\/<\/a>&nbsp;. Kupuj\u00edc\u00ed objedn\u00e1v\u00e1 p\u0159edm\u011bt koup\u011b vypln\u011bn\u00edm elektronick\u00e9ho formul\u00e1\u0159e objedn\u00e1vky prost\u0159ednictv\u00edm webov\u00e9 str\u00e1nky <a data-saferedirecturl=\"https:\/\/www.google.com\/url?q=https:\/\/objednavka.chytry-web-maklere.cz\/cs\/chwm-workshop-2&amp;source=gmail&amp;ust=1683746158213000&amp;usg=AOvVaw3BisYQPWpNdqVMiZKJUMcl\" href=\"https:\/\/objednavka.chytry-web-maklere.cz\/cs\/chwm-workshop-2\" target=\"_blank\" style=\"outline: none;\" rel=\"noopener\"><\/a><a data-saferedirecturl=\"https:\/\/www.google.com\/url?q=https:\/\/objednavka.chytry-web-maklere.cz\/cs\/chwm-workshop-2&amp;source=gmail&amp;ust=1683746158213000&amp;usg=AOvVaw3BisYQPWpNdqVMiZKJUMcl\" href=\"https:\/\/objednavka.chytry-web-maklere.cz\/cs\/chwm-workshop-2\" target=\"_blank\" style=\"outline: none;\" rel=\"noopener\">https:\/\/objednavka.chytry-web-maklere.cz\/<\/a>. Kupuj\u00edc\u00ed je povinen objedn\u00e1vku p\u0159ed jej\u00edm odesl\u00e1n\u00edm zkontrolovat a p\u0159\u00edpadn\u011b opravit. Odeslan\u00e1 objedn\u00e1vka je pr\u00e1vn\u011b z\u00e1vazn\u00e1 a kupuj\u00edc\u00edmu a prod\u00e1vaj\u00edc\u00edmu vznikaj\u00ed vz\u00e1jemn\u00e1 pr\u00e1va a povinnosti, tj. prod\u00e1vaj\u00edc\u00ed se zavazuje poskytnout kupuj\u00edc\u00edmu po uhrazen\u00ed kupn\u00ed ceny p\u0159edm\u011bt koup\u011b a kupuj\u00edc\u00ed se zavazuje uhradit kupn\u00ed cenu. Kupuj\u00edc\u00ed odesl\u00e1n\u00edm objedn\u00e1vky stvrzuje, \u017ee se sezn\u00e1mil s obchodn\u00edmi podm\u00ednkami pro n\u00e1kup na webov\u00e9 str\u00e1nce&nbsp;<a data-saferedirecturl=\"https:\/\/www.google.com\/url?q=https:\/\/objednavka.chytry-web-maklere.cz\/cs\/chwm-workshop-2&amp;source=gmail&amp;ust=1683746158213000&amp;usg=AOvVaw3BisYQPWpNdqVMiZKJUMcl\" href=\"https:\/\/objednavka.chytry-web-maklere.cz\/cs\/chwm-workshop-2\" target=\"_blank\" style=\"outline: none;\" rel=\"noopener\">https:\/\/objednavka.chytry-web-maklere.cz\/<\/a>&nbsp;obchodn\u00ed spole\u010dnosti Tomawell s.r.o., a \u017ee s nimi souhlas\u00ed. Tyto obchodn\u00ed podm\u00ednky tvo\u0159\u00ed ned\u00edlnou sou\u010d\u00e1st kupn\u00ed smlouvy, kter\u00e1 je uzav\u0159ena vypln\u011bn\u00edm a odesl\u00e1n\u00edm objedn\u00e1vky.<\/p>\n<h2>3. Kupn\u00ed cena, da\u0148ov\u00fd doklad<\/h2>\n<h3>3.1 Shrnut\u00ed objedn\u00e1vky<\/h3>\n<p>Ve shrnut\u00ed objedn\u00e1vky na webov\u00e9 adrese&nbsp;<a data-saferedirecturl=\"https:\/\/www.google.com\/url?q=https:\/\/objednavka.chytry-web-maklere.cz\/cs\/chwm-workshop-2&amp;source=gmail&amp;ust=1683746158213000&amp;usg=AOvVaw3BisYQPWpNdqVMiZKJUMcl\" href=\"https:\/\/objednavka.chytry-web-maklere.cz\/cs\/chwm-workshop-2\" target=\"_blank\" style=\"outline: none;\" rel=\"noopener\">https:\/\/objednavka.chytry-web-maklere.cz\/<\/a>&nbsp;najde kupuj\u00edc\u00ed v\u0161echny ceny produktu.<\/p>\n<h3>3.2 Faktura<\/h3>\n<p>P\u0159i vypln\u011bn\u00ed a odesl\u00e1n\u00ed objedn\u00e1vky obdr\u017e\u00ed kupuj\u00edc\u00ed na e-mail shrnut\u00ed jeho objedn\u00e1vky v\u010detn\u011b platebn\u00edch \u00fadaj\u016f a z\u00e1lohovou fakturu. Po p\u0159ijet\u00ed platby vystav\u00ed prod\u00e1vaj\u00edc\u00ed kupuj\u00edc\u00edmu \u0159\u00e1dn\u00fd da\u0148ov\u00fd doklad, kter\u00fd slou\u017e\u00ed jako doklad o zakoupen\u00ed produktu. Prod\u00e1vaj\u00edc\u00ed je pl\u00e1tcem dan\u011b z p\u0159idan\u00e9 hodnoty.<\/p>\n<h3>3.3 Mo\u017enosti plateb<\/h3>\n<p>Bankovn\u00edm p\u0159evodem na bankovn\u00ed \u00fa\u010det uveden\u00fd v da\u0148ov\u00e9m dokladu, p\u0159\u00edpadn\u011b platebn\u00ed kartou. P\u0159i \u00fahrad\u011b bankovn\u00edm p\u0159evodem je kupuj\u00edc\u00ed povinen uv\u00e9st variabiln\u00ed symbol uveden\u00fd na z\u00e1lohov\u00e9 faktu\u0159e, jinak nen\u00ed mo\u017en\u00e9 identifikovat p\u0159ijatou platbu.<\/p>\n<h3>3.4 Forma platby<\/h3>\n<p>Platbu je mo\u017en\u00e9 uskute\u010dnit pouze jednor\u00e1zov\u011b.<\/p>\n<h3>3.5 Obsah objedn\u00e1vky<\/h3>\n<ul>\n<li>P\u0159\u00edstup k workshopu &nbsp;&#8222;Praktick\u00e9 vyu\u017eit\u00ed AI pro finan\u010dn\u00ed poradce a realitn\u00ed makl\u00e9\u0159e&#8220; + p\u0159\u00edstup k z\u00e1znamu na 1 rok<\/li>\n<\/ul>\n<h2>4. Garance vr\u00e1cen\u00ed pen\u011bz<\/h2>\n<p><strong>4.1 Z\u00e1ruka spokojenosti<\/strong><span style=\"font-size: 18px !important;\">Kupuj\u00edc\u00ed, kter\u00fd si objednal digit\u00e1ln\u00ed produkt na&nbsp;<a href=\"https:\/\/objednavka.chytry-web-maklere.cz\/cs\/chwm-workshop-2\" target=\"_blank\" style=\"outline: none;\" rel=\"noopener\"><\/a><a data-saferedirecturl=\"https:\/\/www.google.com\/url?q=https:\/\/objednavka.chytry-web-maklere.cz\/cs\/chwm-workshop-2&amp;source=gmail&amp;ust=1683746158213000&amp;usg=AOvVaw3BisYQPWpNdqVMiZKJUMcl\" href=\"https:\/\/objednavka.chytry-web-maklere.cz\/cs\/chwm-workshop-2\" target=\"_blank\" style=\"outline: none;\" rel=\"noopener\">https:\/\/objednavka.chytry-web-maklere.cz\/<\/a>, v\u00fdslovn\u011b souhlas\u00ed s t\u00edm, \u017ee digit\u00e1ln\u00ed obsah mu bude zp\u0159\u00edstupn\u011bn hned po sp\u00e1rov\u00e1n\u00ed platby s objedn\u00e1vkou, a t\u00edmto zp\u0159\u00edstupn\u011bn\u00edm ztr\u00e1c\u00ed n\u00e1rok na odstoupen\u00ed od smlouvy v z\u00e1konn\u00e9 \u010dtrn\u00e1ctidenn\u00ed lh\u016ft\u011b.<\/span><\/p>\n<h2>5. Odstoupen\u00ed od smlouvy<\/h2>\n<h3>5.1 Pr\u00e1va kupuj\u00edc\u00edho<\/h3>\n<p>Kupuj\u00edc\u00ed m\u016f\u017ee odstoupit od smlouvy na z\u00e1klad\u011b vyu\u017eit\u00ed z\u00e1ruky definovan\u00e9 v bodu 4.1.<\/p>\n<h3>5.2 Pr\u00e1va prod\u00e1vaj\u00edc\u00edho<\/h3>\n<p>Prod\u00e1vaj\u00edc\u00ed m\u016f\u017ee odstoupit od smlouvy v pr\u016fb\u011bhu dod\u00e1v\u00e1n\u00ed kurzu. Zejm\u00e9na v p\u0159\u00edpadech, kdy kupuj\u00edc\u00ed bude ohro\u017eovat pr\u016fb\u011bh kurzu, bude obt\u011b\u017eovat ostatn\u00ed \u00fa\u010dastn\u00edky nebo bude po\u017eadovat slu\u017eby, nebo informace vysoko nad r\u00e1mec programu. V takov\u00e9m p\u0159\u00edpad\u011b bude cel\u00e1 \u010d\u00e1stka vr\u00e1cena kupuj\u00edc\u00edmu nejpozd\u011bji do 7 dn\u016f od odesl\u00e1n\u00ed e-mailu obsahuj\u00edc\u00edho informace o odstoupen\u00ed od smlouvy. Kupuj\u00edc\u00edmu bude tak\u00e9 zasl\u00e1n dobropis s \u010d\u00e1stkou odpov\u00eddaj\u00edc\u00ed kupn\u00ed cen\u011b. \u010c\u00e1stka bude vr\u00e1cena zp\u011bt bankovn\u00edm p\u0159evodem. Po vr\u00e1cen\u00ed \u010d\u00e1stky bude smaz\u00e1n p\u0159\u00edstup do \u010dlensk\u00e9 sekce.<\/p>\n<h3>5.3. Prohl\u00e1\u0161en\u00ed prod\u00e1vaj\u00edc\u00edho<\/h3>\n<p>Prod\u00e1vaj\u00edc\u00ed upozor\u0148uje kupuj\u00edc\u00edho, \u017ee mu bude digit\u00e1ln\u00ed obsah p\u0159\u00edstupn\u011bn automaticky po sp\u00e1rov\u00e1n\u00ed platby s objedn\u00e1vkou. Kupuj\u00edc\u00ed t\u00edm ztr\u00e1c\u00ed n\u00e1rok na odstoupen\u00ed od smlouvy v z\u00e1konn\u00e9 \u010dtrn\u00e1ctidenn\u00ed lh\u016ft\u011b.<\/p>\n<h3>5.4. Prohl\u00e1\u0161en\u00ed kupuj\u00edc\u00edho<\/h3>\n<p>Kupuj\u00edc\u00ed souhlas\u00ed s t\u00edm, \u017ee digit\u00e1ln\u00ed obsah mu bude zp\u0159\u00edstupn\u011bn hned po sp\u00e1rov\u00e1n\u00ed platby s objedn\u00e1vkou a t\u00edmto zp\u0159\u00edstupn\u011bn\u00edm ztr\u00e1c\u00ed n\u00e1rok na odstoupen\u00ed od smlouvy v z\u00e1konn\u00e9 \u010dtrn\u00e1ctidenn\u00ed lh\u016ft\u011b.<\/p>\n<h2>6. Sankce<\/h2>\n<h3>6.1 Sankce za neuhrazenou objedn\u00e1vku<\/h3>\n<p>Nezaplat\u00ed-li kupuj\u00edc\u00ed prod\u00e1vaj\u00edc\u00edmu kupn\u00ed cenu \u0159\u00e1dn\u011b do 7 dn\u00ed od pod\u00e1n\u00ed objedn\u00e1vky, odstupuje prod\u00e1vaj\u00edc\u00ed od smlouvy a stornuje objedn\u00e1vky. Kupuj\u00edc\u00edmu nejsou \u00fa\u010dtov\u00e1ny \u017e\u00e1dn\u00e9 sank\u010dn\u00ed poplatky.<\/p>\n<h2>7. Odpov\u011bdnost<\/h2>\n<h3>7.1 Zabezpe\u010den\u00ed<\/h3>\n<p>P\u0159\u00edstup k u\u017eivatelsk\u00e9mu \u00fa\u010dtu je zabezpe\u010den u\u017eivatelsk\u00fdm jm\u00e9nem a heslem. Kupuj\u00edc\u00ed je povinen zachov\u00e1vat ml\u010denlivost ohledn\u011b informac\u00ed nezbytn\u00fdch k p\u0159\u00edstupu do jeho u\u017eivatelsk\u00e9ho \u00fa\u010dtu a bere na v\u011bdom\u00ed, \u017ee prod\u00e1vaj\u00edc\u00ed nenese odpov\u011bdnost za poru\u0161en\u00ed t\u00e9to povinnosti ze strany kupuj\u00edc\u00edho.<\/p>\n<h3>7.2 Odpov\u011bdnost za obsah webu<\/h3>\n<p>Webov\u00e9 str\u00e1nky mohou b\u00fdt prod\u00e1vaj\u00edc\u00edm aktualizov\u00e1ny bez p\u0159edchoz\u00edho upozorn\u011bn\u00ed.<\/p>\n<h3>7.3 Ochrana dobr\u00e9ho jm\u00e9na<\/h3>\n<p>Prod\u00e1vaj\u00edc\u00ed se zavazuje, \u017ee nebude nijak po\u0161kozovat dobr\u00e9 jm\u00e9no kupuj\u00edc\u00edho ani spole\u010dnost, kterou zastupuje. Kupuj\u00edc\u00ed se zavazuje, \u017ee nebude nijak po\u0161kozovat dobr\u00e9 jm\u00e9no prod\u00e1vaj\u00edc\u00edho. Zejm\u00e9na \u201ePavel Fara\u201d, &nbsp;\u201eTom\u00e1\u0161 Ku\u010dera\u201d, \u201eTomawell\u201d, \u201eChytr\u00fd web poradce\u201d, \u201eChytr\u00fd web makl\u00e9\u0159e\u201d.<\/p>\n<h2>8. Ochrana \u00fadaj\u016f<\/h2>\n<h3>8.1 Prohl\u00e1\u0161en\u00ed prod\u00e1vaj\u00edc\u00edho<\/h3>\n<p>Spole\u010dnost Tomawell.r.o. se zavazuje pln\u011b respektovat d\u016fv\u011brn\u00fd charakter osobn\u00edch a firemn\u00edch dat kupuj\u00edc\u00edho, kter\u00e1 jsou zabezpe\u010dena proti neautorizovan\u00e9mu p\u0159\u00edstupu a chr\u00e1n\u011bna proti zneu\u017eit\u00ed. \u00dadaje, kter\u00e9 kupuj\u00edc\u00ed zad\u00e1v\u00e1 v objedn\u00e1vce, jsou nezbytn\u00e9 pro jeho identifikaci. Jsou pou\u017eity k realizaci cel\u00e9ho obchodu, v\u010detn\u011b nezbytn\u00fdch \u00fa\u010detn\u00edch operac\u00ed, vystaven\u00ed da\u0148ov\u00fdch doklad\u016f, identifikaci bezhotovostn\u00edch plateb a pro komunikaci s kupuj\u00edc\u00edm.<\/p>\n<h3>8.2 Ochrana \u00fadaj\u016f<\/h3>\n<p>Detailn\u00ed osobn\u00ed data i \u00fadaje o n\u00e1kupech kupuj\u00edc\u00edho jsou ukl\u00e1d\u00e1ny v datab\u00e1zi s p\u0159\u00edsn\u00fdm zabezpe\u010den\u00edm proti zneu\u017eit\u00ed a nejsou poskytov\u00e1ny t\u0159et\u00edm stran\u00e1m.<\/p>\n<h3>8.3 Pln\u00e9 zn\u011bn\u00ed<\/h3>\n<p>Pln\u00e9 zn\u011bn\u00ed Ochrany osobn\u00edch \u00fadaj\u016f najdete na t\u00e9to adrese: <a href=\"https:\/\/chytry-web-maklere.cz\/ochrana-osobnich-udaju\" target=\"_blank\" style=\"outline: none;\" rel=\"noopener\">https:\/\/chytry-web-maklere.cz\/ochrana-osobnich-udaju<\/a>.<\/p>\n<h2>9. Z\u00e1v\u011bre\u010dn\u00e1 ustanoven\u00ed<\/h2>\n<h3>9.1 Platnost podm\u00ednek<\/h3>\n<p>Tyto obchodn\u00ed podm\u00ednky nab\u00fdvaj\u00ed \u00fa\u010dinnosti dne 25.01.2025. Informace jsou sd\u011blov\u00e1ny prost\u0159ednictv\u00edm webov\u00fdch str\u00e1nek <a href=\"https:\/\/objednavka.chytry-web-maklere.cz\/cs\/chwm-workshop-2\" target=\"_blank\" style=\"outline: none;\" rel=\"noopener\">https:\/\/objednavka.chytry-web-maklere.cz\/<\/a>, pop\u0159\u00edpad\u011b dal\u0161\u00edmi informa\u010dn\u00edmi kan\u00e1ly. Spole\u010dnost Tomawell s.r.o. si vyhrazuje pr\u00e1vo na zm\u011bnu t\u011bchto obchodn\u00edch podm\u00ednek. Ka\u017ed\u00e1 nov\u00e1 verze obchodn\u00edch podm\u00ednek je dostupn\u00e1 na webov\u00fdch str\u00e1nk\u00e1ch <a href=\"https:\/\/objednavka.chytry-web-maklere.cz\/cs\/chwm-workshop-2\" target=\"_blank\" style=\"outline: none;\" rel=\"noopener\">https:\/\/objednavka.chytry-web-maklere.cz\/<\/a> a je ozna\u010dena datem \u00fa\u010dinnosti. Ve\u0161ker\u00e9 objedn\u00e1vky se v\u017edy \u0159\u00edd\u00ed aktu\u00e1ln\u00ed verz\u00ed obchodn\u00edch podm\u00ednek.<\/p>\n","protected":false},"excerpt":{"rendered":"<p>Obchodn\u00ed podm\u00ednky workshopu: &#8222;Praktick\u00e9 vyu\u017eit\u00ed AI pro finan\u010dn\u00ed poradce a realitn\u00ed makl\u00e9\u0159e&#8220; 1. \u00davodn\u00ed ustanoven\u00ed 1.1 Smluvn\u00ed strany Tyto obchodn\u00ed podm\u00ednky upravuj\u00ed vztahy mezi smluvn\u00edmi stranami kupn\u00ed smlouvy, kdy na stran\u011b jedn\u00e9 je prod\u00e1vaj\u00edc\u00ed, kter\u00fdm je obchodn\u00ed spole\u010dnost Tomawell s.r.o., I\u010c:06644210, DI\u010c CZ06644210, se s\u00eddlem J. \u0160. Baara 1495, 277 11 Neratovice, zapsan\u00e9 ve ve\u0159ejn\u00e9m [&hellip;]<\/p>\n","protected":false},"author":5,"featured_media":0,"parent":0,"menu_order":0,"comment_status":"closed","ping_status":"closed","template":"","meta":{"footnotes":""},"yoast_head":"<!-- This site is optimized with the Yoast SEO plugin v22.6 - https:\/\/yoast.com\/wordpress\/plugins\/seo\/ -->\n<title>Obchodn\u00ed podm\u00ednky - Chytr\u00fd web makl\u00e9\u0159e<\/title>\n<meta name=\"robots\" content=\"index, follow, max-snippet:-1, max-image-preview:large, max-video-preview:-1\" \/>\n<link rel=\"canonical\" href=\"https:\/\/chytry-web-maklere.cz\/pro-zakazniky\/obchodni-podminky\/\" \/>\n<meta property=\"og:locale\" content=\"cs_CZ\" \/>\n<meta property=\"og:type\" content=\"article\" \/>\n<meta property=\"og:title\" content=\"Obchodn\u00ed podm\u00ednky - Chytr\u00fd web makl\u00e9\u0159e\" \/>\n<meta property=\"og:description\" content=\"Obchodn\u00ed podm\u00ednky workshopu: &#8222;Praktick\u00e9 vyu\u017eit\u00ed AI pro finan\u010dn\u00ed poradce a realitn\u00ed makl\u00e9\u0159e&#8220; 1. \u00davodn\u00ed ustanoven\u00ed 1.1 Smluvn\u00ed strany Tyto obchodn\u00ed podm\u00ednky upravuj\u00ed vztahy mezi smluvn\u00edmi stranami kupn\u00ed smlouvy, kdy na stran\u011b jedn\u00e9 je prod\u00e1vaj\u00edc\u00ed, kter\u00fdm je obchodn\u00ed spole\u010dnost Tomawell s.r.o., I\u010c:06644210, DI\u010c CZ06644210, se s\u00eddlem J. \u0160. Baara 1495, 277 11 Neratovice, zapsan\u00e9 ve ve\u0159ejn\u00e9m [&hellip;]\" \/>\n<meta property=\"og:url\" content=\"https:\/\/chytry-web-maklere.cz\/pro-zakazniky\/obchodni-podminky\/\" \/>\n<meta property=\"og:site_name\" content=\"Chytr\u00fd web makl\u00e9\u0159e\" \/>\n<meta property=\"article:modified_time\" content=\"2025-05-06T20:29:30+00:00\" \/>\n<meta name=\"twitter:card\" content=\"summary_large_image\" \/>\n<meta name=\"twitter:label1\" content=\"Odhadovan\u00e1 doba \u010dten\u00ed\" \/>\n\t<meta name=\"twitter:data1\" content=\"7 minut\" \/>\n<script type=\"application\/ld+json\" class=\"yoast-schema-graph\">{\"@context\":\"https:\/\/schema.org\",\"@graph\":[{\"@type\":\"WebPage\",\"@id\":\"https:\/\/chytry-web-maklere.cz\/pro-zakazniky\/obchodni-podminky\/\",\"url\":\"https:\/\/chytry-web-maklere.cz\/pro-zakazniky\/obchodni-podminky\/\",\"name\":\"Obchodn\u00ed podm\u00ednky - Chytr\u00fd web makl\u00e9\u0159e\",\"isPartOf\":{\"@id\":\"https:\/\/chytry-web-maklere.cz\/pro-zakazniky\/#website\"},\"datePublished\":\"2023-05-01T10:43:33+00:00\",\"dateModified\":\"2025-05-06T20:29:30+00:00\",\"breadcrumb\":{\"@id\":\"https:\/\/chytry-web-maklere.cz\/pro-zakazniky\/obchodni-podminky\/#breadcrumb\"},\"inLanguage\":\"cs\",\"potentialAction\":[{\"@type\":\"ReadAction\",\"target\":[\"https:\/\/chytry-web-maklere.cz\/pro-zakazniky\/obchodni-podminky\/\"]}]},{\"@type\":\"BreadcrumbList\",\"@id\":\"https:\/\/chytry-web-maklere.cz\/pro-zakazniky\/obchodni-podminky\/#breadcrumb\",\"itemListElement\":[{\"@type\":\"ListItem\",\"position\":1,\"name\":\"Dom\u016f\",\"item\":\"https:\/\/chytry-web-maklere.cz\/pro-zakazniky\/\"},{\"@type\":\"ListItem\",\"position\":2,\"name\":\"Obchodn\u00ed podm\u00ednky\"}]},{\"@type\":\"WebSite\",\"@id\":\"https:\/\/chytry-web-maklere.cz\/pro-zakazniky\/#website\",\"url\":\"https:\/\/chytry-web-maklere.cz\/pro-zakazniky\/\",\"name\":\"Chytr\u00fd web makl\u00e9\u0159e\",\"description\":\"\",\"potentialAction\":[{\"@type\":\"SearchAction\",\"target\":{\"@type\":\"EntryPoint\",\"urlTemplate\":\"https:\/\/chytry-web-maklere.cz\/pro-zakazniky\/?s={search_term_string}\"},\"query-input\":\"required name=search_term_string\"}],\"inLanguage\":\"cs\"}]}<\/script>\n<!-- \/ Yoast SEO plugin. -->","yoast_head_json":{"title":"Obchodn\u00ed podm\u00ednky - Chytr\u00fd web makl\u00e9\u0159e","robots":{"index":"index","follow":"follow","max-snippet":"max-snippet:-1","max-image-preview":"max-image-preview:large","max-video-preview":"max-video-preview:-1"},"canonical":"https:\/\/chytry-web-maklere.cz\/pro-zakazniky\/obchodni-podminky\/","og_locale":"cs_CZ","og_type":"article","og_title":"Obchodn\u00ed podm\u00ednky - Chytr\u00fd web makl\u00e9\u0159e","og_description":"Obchodn\u00ed podm\u00ednky workshopu: &#8222;Praktick\u00e9 vyu\u017eit\u00ed AI pro finan\u010dn\u00ed poradce a realitn\u00ed makl\u00e9\u0159e&#8220; 1. \u00davodn\u00ed ustanoven\u00ed 1.1 Smluvn\u00ed strany Tyto obchodn\u00ed podm\u00ednky upravuj\u00ed vztahy mezi smluvn\u00edmi stranami kupn\u00ed smlouvy, kdy na stran\u011b jedn\u00e9 je prod\u00e1vaj\u00edc\u00ed, kter\u00fdm je obchodn\u00ed spole\u010dnost Tomawell s.r.o., I\u010c:06644210, DI\u010c CZ06644210, se s\u00eddlem J. \u0160. Baara 1495, 277 11 Neratovice, zapsan\u00e9 ve ve\u0159ejn\u00e9m [&hellip;]","og_url":"https:\/\/chytry-web-maklere.cz\/pro-zakazniky\/obchodni-podminky\/","og_site_name":"Chytr\u00fd web makl\u00e9\u0159e","article_modified_time":"2025-05-06T20:29:30+00:00","twitter_card":"summary_large_image","twitter_misc":{"Odhadovan\u00e1 doba \u010dten\u00ed":"7 minut"},"schema":{"@context":"https:\/\/schema.org","@graph":[{"@type":"WebPage","@id":"https:\/\/chytry-web-maklere.cz\/pro-zakazniky\/obchodni-podminky\/","url":"https:\/\/chytry-web-maklere.cz\/pro-zakazniky\/obchodni-podminky\/","name":"Obchodn\u00ed podm\u00ednky - Chytr\u00fd web makl\u00e9\u0159e","isPartOf":{"@id":"https:\/\/chytry-web-maklere.cz\/pro-zakazniky\/#website"},"datePublished":"2023-05-01T10:43:33+00:00","dateModified":"2025-05-06T20:29:30+00:00","breadcrumb":{"@id":"https:\/\/chytry-web-maklere.cz\/pro-zakazniky\/obchodni-podminky\/#breadcrumb"},"inLanguage":"cs","potentialAction":[{"@type":"ReadAction","target":["https:\/\/chytry-web-maklere.cz\/pro-zakazniky\/obchodni-podminky\/"]}]},{"@type":"BreadcrumbList","@id":"https:\/\/chytry-web-maklere.cz\/pro-zakazniky\/obchodni-podminky\/#breadcrumb","itemListElement":[{"@type":"ListItem","position":1,"name":"Dom\u016f","item":"https:\/\/chytry-web-maklere.cz\/pro-zakazniky\/"},{"@type":"ListItem","position":2,"name":"Obchodn\u00ed podm\u00ednky"}]},{"@type":"WebSite","@id":"https:\/\/chytry-web-maklere.cz\/pro-zakazniky\/#website","url":"https:\/\/chytry-web-maklere.cz\/pro-zakazniky\/","name":"Chytr\u00fd web makl\u00e9\u0159e","description":"","potentialAction":[{"@type":"SearchAction","target":{"@type":"EntryPoint","urlTemplate":"https:\/\/chytry-web-maklere.cz\/pro-zakazniky\/?s={search_term_string}"},"query-input":"required name=search_term_string"}],"inLanguage":"cs"}]}},"_links":{"self":[{"href":"https:\/\/chytry-web-maklere.cz\/pro-zakazniky\/wp-json\/wp\/v2\/pages\/880"}],"collection":[{"href":"https:\/\/chytry-web-maklere.cz\/pro-zakazniky\/wp-json\/wp\/v2\/pages"}],"about":[{"href":"https:\/\/chytry-web-maklere.cz\/pro-zakazniky\/wp-json\/wp\/v2\/types\/page"}],"author":[{"embeddable":true,"href":"https:\/\/chytry-web-maklere.cz\/pro-zakazniky\/wp-json\/wp\/v2\/users\/5"}],"replies":[{"embeddable":true,"href":"https:\/\/chytry-web-maklere.cz\/pro-zakazniky\/wp-json\/wp\/v2\/comments?post=880"}],"version-history":[{"count":15,"href":"https:\/\/chytry-web-maklere.cz\/pro-zakazniky\/wp-json\/wp\/v2\/pages\/880\/revisions"}],"predecessor-version":[{"id":1816,"href":"https:\/\/chytry-web-maklere.cz\/pro-zakazniky\/wp-json\/wp\/v2\/pages\/880\/revisions\/1816"}],"wp:attachment":[{"href":"https:\/\/chytry-web-maklere.cz\/pro-zakazniky\/wp-json\/wp\/v2\/media?parent=880"}],"curies":[{"name":"wp","href":"https:\/\/api.w.org\/{rel}","templated":true}]}}